{"id":428,"date":"2022-01-26T15:50:50","date_gmt":"2022-01-26T14:50:50","guid":{"rendered":"https:\/\/endthegrind.org\/?page_id=428"},"modified":"2024-03-18T22:53:04","modified_gmt":"2024-03-18T21:53:04","slug":"definition","status":"publish","type":"page","link":"https:\/\/endthegrind.org\/en\/definition\/","title":{"rendered":"Definition"},"content":{"rendered":"<p>[et_pb_section fb_built=\u00a0\u00bb1&Prime; custom_padding_last_edited=\u00a0\u00bboff|tablet\u00a0\u00bb admin_label=\u00a0\u00bbHeader\u00a0\u00bb _builder_version=\u00a0\u00bb4.16&Prime; use_background_color_gradient=\u00a0\u00bbon\u00a0\u00bb background_color_gradient_direction=\u00a0\u00bb90deg\u00a0\u00bb background_color_gradient_stops=\u00a0\u00bbrgba(0,0,0,0.95) 0%|rgba(0,0,0,0) 100%\u00a0\u00bb background_color_gradient_overlays_image=\u00a0\u00bbon\u00a0\u00bb background_color_gradient_start=\u00a0\u00bbrgba(0,0,0,0.95)\u00a0\u00bb background_color_gradient_end=\u00a0\u00bbrgba(0,0,0,0)\u00a0\u00bb background_image=\u00a0\u00bbhttps:\/\/endthegrind.org\/wp-content\/uploads\/2022\/05\/ldooaf4c-w.jpg\u00a0\u00bb height=\u00a0\u00bb425px\u00a0\u00bb custom_margin=\u00a0\u00bb||-3px|||\u00a0\u00bb custom_padding=\u00a0\u00bb0px||37vw||false|false\u00a0\u00bb custom_padding_tablet=\u00a0\u00bb0px||12vw||false|false\u00a0\u00bb custom_padding_phone=\u00a0\u00bb0px||20vw||false|false\u00a0\u00bb locked=\u00a0\u00bboff\u00a0\u00bb global_colors_info=\u00a0\u00bb{}\u00a0\u00bb][et_pb_row custom_padding_last_edited=\u00a0\u00bbon|desktop\u00a0\u00bb _builder_version=\u00a0\u00bb4.16&Prime; max_width=\u00a0\u00bb1180px\u00a0\u00bb min_height=\u00a0\u00bb26px\u00a0\u00bb custom_margin=\u00a0\u00bb||||false|false\u00a0\u00bb custom_padding=\u00a0\u00bb|50px||50px|false|true\u00a0\u00bb custom_padding_tablet=\u00a0\u00bb12vw||||false|true\u00a0\u00bb custom_padding_phone=\u00a0\u00bb20vw||||false|false\u00a0\u00bb border_color_all=\u00a0\u00bb#e94558&Prime; border_width_left=\u00a0\u00bb2px\u00a0\u00bb global_colors_info=\u00a0\u00bb{}\u00a0\u00bb][et_pb_column type=\u00a0\u00bb4_4&Prime; _builder_version=\u00a0\u00bb4.16&Prime; global_colors_info=\u00a0\u00bb{}\u00a0\u00bb][et_pb_text _builder_version=\u00a0\u00bb4.18.0&Prime; _module_preset=\u00a0\u00bbdefault\u00a0\u00bb text_text_color=\u00a0\u00bb#FFFFFF\u00a0\u00bb text_font_size=\u00a0\u00bb59px\u00a0\u00bb custom_margin=\u00a0\u00bb260px||||false|false\u00a0\u00bb custom_margin_tablet=\u00a0\u00bb207px||||false|false\u00a0\u00bb custom_margin_phone=\u00a0\u00bb207px||||false|false\u00a0\u00bb custom_margin_last_edited=\u00a0\u00bbon|phone\u00a0\u00bb text_font_size_tablet=\u00a0\u00bb50px\u00a0\u00bb text_font_size_phone=\u00a0\u00bb35px\u00a0\u00bb text_font_size_last_edited=\u00a0\u00bbon|phone\u00a0\u00bb global_colors_info=\u00a0\u00bb{}\u00a0\u00bb]<\/p>\n<p>D\u00e9finition<\/p>\n<p>[\/et_pb_text][\/et_pb_column][\/et_pb_row][\/et_pb_section][et_pb_section fb_built=\u00a0\u00bb1&Prime; _builder_version=\u00a0\u00bb4.18.0&Prime; _module_preset=\u00a0\u00bbdefault\u00a0\u00bb background_color=\u00a0\u00bb#FFFFFF\u00a0\u00bb background_color_gradient_start=\u00a0\u00bbrgba(81,81,81,0.65)\u00a0\u00bb background_color_gradient_end=\u00a0\u00bbrgba(81,81,81,0.65)\u00a0\u00bb background_enable_image=\u00a0\u00bboff\u00a0\u00bb height=\u00a0\u00bb784px\u00a0\u00bb height_tablet=\u00a0\u00bb543px\u00a0\u00bb height_phone=\u00a0\u00bb1850px\u00a0\u00bb height_last_edited=\u00a0\u00bbon|phone\u00a0\u00bb custom_padding=\u00a0\u00bb||||false|false\u00a0\u00bb global_colors_info=\u00a0\u00bb{}\u00a0\u00bb][et_pb_row _builder_version=\u00a0\u00bb4.16&Prime; _module_preset=\u00a0\u00bbdefault\u00a0\u00bb height=\u00a0\u00bb697px\u00a0\u00bb global_colors_info=\u00a0\u00bb{}\u00a0\u00bb][et_pb_column type=\u00a0\u00bb4_4&Prime; _builder_version=\u00a0\u00bb4.16&Prime; _module_preset=\u00a0\u00bbdefault\u00a0\u00bb global_colors_info=\u00a0\u00bb{}\u00a0\u00bb][et_pb_text _builder_version=\u00a0\u00bb4.16&Prime; _module_preset=\u00a0\u00bbdefault\u00a0\u00bb text_font=\u00a0\u00bbCourier Prime|||on|||||\u00a0\u00bb text_text_color=\u00a0\u00bb#000000&Prime; text_font_size=\u00a0\u00bb25px\u00a0\u00bb text_letter_spacing=\u00a0\u00bb2px\u00a0\u00bb text_orientation=\u00a0\u00bbcenter\u00a0\u00bb custom_margin=\u00a0\u00bb||||false|false\u00a0\u00bb custom_margin_tablet=\u00a0\u00bb||||false|false\u00a0\u00bb custom_margin_phone=\u00a0\u00bb||||false|false\u00a0\u00bb custom_margin_last_edited=\u00a0\u00bbon|desktop\u00a0\u00bb global_colors_info=\u00a0\u00bb{}\u00a0\u00bb]<\/p>\n<p>Qu&rsquo;est-ce que le Grind?<\/p>\n<p>[\/et_pb_text][et_pb_text _builder_version=\u00a0\u00bb4.16&Prime; _module_preset=\u00a0\u00bbdefault\u00a0\u00bb text_text_color=\u00a0\u00bb#FFFFFF\u00a0\u00bb global_colors_info=\u00a0\u00bb{}\u00a0\u00bb]<\/p>\n<p><span style=\"font-size: 14px;\">o-<\/span><br \/><span style=\"color: #000000;\"><\/span><\/p>\n<p><span style=\"color: #000000;\">Relat\u00e9e pour la premi\u00e8re fois en 1584 mais apport\u00e9e par les Vikings d\u00e8s le 10\u00e8me si\u00e8cle, le Grind (ou Grindadrap) est la <a href=\"https:\/\/fr.wikipedia.org\/wiki\/Grindadr%25C3%25A1p\" style=\"color: #000000;\">chasse aux petits c\u00e9tac\u00e9s<\/a> pratiqu\u00e9e par les habitants des \u00eeles F\u00e9ro\u00e9. L\u2019esp\u00e8ce la plus cibl\u00e9e par cette chasse est celle du <strong>globic\u00e9phale noir<\/strong> (<i>Globicephala melas<\/i>, aussi appel\u00e9s baleine-pilote).<\/span>\u00a0<\/p>\n<p><span style=\"color: #000000;\">Lorsqu&rsquo;un banc de baleines est rep\u00e9r\u00e9 pr\u00e8s de la terre, la chasse commence. Les chasseurs entourent d&rsquo;abord les globic\u00e9phales \u00e0 l&rsquo;aide d&rsquo;un large demi-cercle de bateaux. Les bateaux conduisent ensuite les globic\u00e9phales dans une baie autoris\u00e9e ou au fond d&rsquo;un fjord o\u00f9 l&rsquo;abattage a lieu. Il n&rsquo;est pas permis de capturer les baleines du c\u00f4t\u00e9 oc\u00e9anique de la corde.<\/span><\/p>\n<p><span style=\"color: #000000;\"><span style=\"font-size: 14px; color: #000000;\">Auparavant, les globic\u00e9phales qui n&rsquo;\u00e9taient pas \u00e9chou\u00e9s \u00e9taient souvent poignard\u00e9s dans la graisse avant d&rsquo;\u00eatre ramen\u00e9s sur le rivage<b>.<\/b> Mais apr\u00e8s des all\u00e9gations de cruaut\u00e9 envers les animaux, les baleiniers f\u00e9ro\u00efens ont commenc\u00e9 \u00e0 utiliser des crochets contondants (en f\u00e9ro\u00efen : bl\u00e1sturongul) pour tirer les baleines vers le rivage par leurs \u00e9vents. Il est plus efficace, mais aussi plus \u00ab\u00a0humain\u00a0\u00bb que l&rsquo;autre crochet. <\/span><\/span><span style=\"color: #000000;\"><span style=\"font-size: 14px; color: #000000;\">Les groupes anti-chasse, tels que Greenpeace et la Whale and Dolphin Conservation Society (WDCS), confirment que le blocage partiel et l&rsquo;irritation des voies respiratoires blessent et paniquent la baleine.<\/span><\/span><span style=\"font-size: 14px; color: #000000;\"><\/span><\/p>\n<p><span style=\"color: #000000;\">Une fois \u00e0 terre, le globic\u00e9phale est tu\u00e9 en coupant la zone dorsale jusqu&rsquo;\u00e0 la moelle \u00e9pini\u00e8re \u00e0 l&rsquo;aide d&rsquo;un couteau sp\u00e9cial (un m\u00f8nustingari). Il ouvre le cou de la baleine pour que le plus de sang possible puisse s&rsquo;\u00e9couler afin d&rsquo;obtenir la meilleure qualit\u00e9 de viande.<span style=\"font-size: 14px;\"><\/span><\/span><\/p>\n<p><span style=\"color: #000000; font-size: 14px;\">Aujourd&rsquo;hui, le m\u00f8nustingari est la seule arme autoris\u00e9e pour abattre une baleine. Le temps n\u00e9cessaire \u00e0 la mort d&rsquo;une baleine est d&rsquo;en moyenne 30 secondes mais d&rsquo;autres observateurs se sont plaints qu&rsquo;il fallait jusqu&rsquo;\u00e0 quinze minutes (C<\/span><span style=\"color: #000000; font-size: 14px;\">ertaines baleines n&rsquo;\u00e9taient pas tu\u00e9es correctement jusqu&rsquo;\u00e0 ce qu&rsquo;un v\u00e9t\u00e9rinaire termine le travail). Avec la <strong>nouvelle loi<\/strong>\u00a0qui interdit aux chasseurs de baleines de poignarder les baleines depuis les bateaux, <strong>cela ne devrait plus se produire !<\/strong><\/span><\/p>\n<p><span style=\"color: #000000; font-size: 14px;\">Selon la <strong>nouvelle loi sur la chasse \u00e0 la baleine<\/strong> (Grindal\u00f3gin), il n&rsquo;est permis de tuer les baleines que depuis le rivage, ce qui signifie que ce ne sont pas les hommes qui chassent les globic\u00e9phales avec leurs bateaux, mais les hommes qui les attendent sur la plage.<\/span><br \/><i><\/i><\/p>\n<p><span style=\"color: #000000;\"><span style=\"font-size: 14px; color: #000000;\"><\/span><\/span><\/p>\n<p>[\/et_pb_text][\/et_pb_column][\/et_pb_row][\/et_pb_section][et_pb_section fb_built=\u00a0\u00bb1&Prime; _builder_version=\u00a0\u00bb4.16&Prime; _module_preset=\u00a0\u00bbdefault\u00a0\u00bb use_background_color_gradient=\u00a0\u00bbon\u00a0\u00bb background_color_gradient_stops=\u00a0\u00bbrgba(81,81,81,0.65) 0%|rgba(81,81,81,0.65) 100%\u00a0\u00bb background_color_gradient_overlays_image=\u00a0\u00bbon\u00a0\u00bb background_color_gradient_start=\u00a0\u00bbrgba(81,81,81,0.65)\u00a0\u00bb background_color_gradient_end=\u00a0\u00bbrgba(81,81,81,0.65)\u00a0\u00bb background_image=\u00a0\u00bbhttps:\/\/endthegrind.org\/wp-content\/uploads\/2022\/05\/globi01feroe-M.tiff\u00a0\u00bb height=\u00a0\u00bb834px\u00a0\u00bb height_tablet=\u00a0\u00bb716px\u00a0\u00bb height_phone=\u00a0\u00bb925px\u00a0\u00bb height_last_edited=\u00a0\u00bbon|phone\u00a0\u00bb custom_margin=\u00a0\u00bb||||false|false\u00a0\u00bb custom_padding=\u00a0\u00bb||||false|false\u00a0\u00bb global_colors_info=\u00a0\u00bb{}\u00a0\u00bb][et_pb_row _builder_version=\u00a0\u00bb4.16&Prime; _module_preset=\u00a0\u00bbdefault\u00a0\u00bb custom_margin=\u00a0\u00bb183px||||false|false\u00a0\u00bb custom_margin_tablet=\u00a0\u00bb183px||||false|false\u00a0\u00bb custom_margin_phone=\u00a0\u00bb183px||||false|false\u00a0\u00bb custom_margin_last_edited=\u00a0\u00bbon|desktop\u00a0\u00bb global_colors_info=\u00a0\u00bb{}\u00a0\u00bb][et_pb_column type=\u00a0\u00bb4_4&Prime; _builder_version=\u00a0\u00bb4.16&Prime; _module_preset=\u00a0\u00bbdefault\u00a0\u00bb global_colors_info=\u00a0\u00bb{}\u00a0\u00bb][et_pb_text _builder_version=\u00a0\u00bb4.16&Prime; _module_preset=\u00a0\u00bbdefault\u00a0\u00bb text_font=\u00a0\u00bbCourier Prime|||on|||||\u00a0\u00bb text_text_color=\u00a0\u00bb#FFFFFF\u00a0\u00bb text_font_size=\u00a0\u00bb25px\u00a0\u00bb text_letter_spacing=\u00a0\u00bb2px\u00a0\u00bb text_line_height=\u00a0\u00bb1.5em\u00a0\u00bb text_orientation=\u00a0\u00bbcenter\u00a0\u00bb max_width=\u00a0\u00bb100%\u00a0\u00bb custom_margin=\u00a0\u00bb-18px||||false|false\u00a0\u00bb global_colors_info=\u00a0\u00bb{}\u00a0\u00bb]<\/p>\n<p>Pourquoi cela persiste encore?<\/p>\n<p>[\/et_pb_text][et_pb_text _builder_version=\u00a0\u00bb4.16&Prime; _module_preset=\u00a0\u00bbdefault\u00a0\u00bb text_text_color=\u00a0\u00bb#FFFFFF\u00a0\u00bb global_colors_info=\u00a0\u00bb{}\u00a0\u00bb]<\/p>\n<p>Cette chasse servait autrefois \u00e0 nourrir la population de l&rsquo;archipel compl\u00e8tement isol\u00e9 du reste du monde. \u00c0 cause d&rsquo;un climat difficile, la production de l&rsquo;\u00e9levage et de l&rsquo;agriculture \u00e9taient tr\u00e8s limit\u00e9s sur l&rsquo;archipel et la viande de globic\u00e9phale \u00e9tait alors une source de nourriture tr\u00e8s appr\u00e9ci\u00e9e.<\/p>\n<p>Mais ce qui \u00e9tait autrefois une chasse de subsistance n&rsquo;est aujourd&rsquo;hui qu&rsquo;une barbarie inutile : les F\u00e9ro\u00efens ont un niveau de vie parmi les plus \u00e9lev\u00e9s d&rsquo;Europe et la mondialisation permet d\u2019importer toute la nourriture dont les habitants ont besoin.<\/p>\n<p>[\/et_pb_text][\/et_pb_column][\/et_pb_row][\/et_pb_section][et_pb_section fb_built=\u00a0\u00bb1&Prime; _builder_version=\u00a0\u00bb4.18.0&Prime; _module_preset=\u00a0\u00bbdefault\u00a0\u00bb background_color=\u00a0\u00bb#515151&Prime; background_color_gradient_start=\u00a0\u00bbrgba(81,81,81,0.65)\u00a0\u00bb background_color_gradient_end=\u00a0\u00bbrgba(81,81,81,0.65)\u00a0\u00bb background_enable_image=\u00a0\u00bboff\u00a0\u00bb height=\u00a0\u00bb597px\u00a0\u00bb height_tablet=\u00a0\u00bb616px\u00a0\u00bb height_phone=\u00a0\u00bb897px\u00a0\u00bb height_last_edited=\u00a0\u00bbon|phone\u00a0\u00bb custom_padding=\u00a0\u00bb59px||0px|||\u00a0\u00bb global_colors_info=\u00a0\u00bb{}\u00a0\u00bb][et_pb_row _builder_version=\u00a0\u00bb4.16&Prime; _module_preset=\u00a0\u00bbdefault\u00a0\u00bb global_colors_info=\u00a0\u00bb{}\u00a0\u00bb][et_pb_column type=\u00a0\u00bb4_4&Prime; _builder_version=\u00a0\u00bb4.16&Prime; _module_preset=\u00a0\u00bbdefault\u00a0\u00bb global_colors_info=\u00a0\u00bb{}\u00a0\u00bb][et_pb_text _builder_version=\u00a0\u00bb4.16&Prime; _module_preset=\u00a0\u00bbdefault\u00a0\u00bb text_font=\u00a0\u00bbCourier Prime|||on|||||\u00a0\u00bb text_text_color=\u00a0\u00bb#FFFFFF\u00a0\u00bb text_font_size=\u00a0\u00bb25px\u00a0\u00bb text_letter_spacing=\u00a0\u00bb2px\u00a0\u00bb text_orientation=\u00a0\u00bbcenter\u00a0\u00bb custom_margin=\u00a0\u00bb-15px||||false|false\u00a0\u00bb global_colors_info=\u00a0\u00bb{}\u00a0\u00bb]<\/p>\n<p>Une chasse fortement controvers\u00e9e<\/p>\n<p>[\/et_pb_text][et_pb_text _builder_version=\u00a0\u00bb4.16&Prime; _module_preset=\u00a0\u00bbdefault\u00a0\u00bb text_text_color=\u00a0\u00bb#FFFFFF\u00a0\u00bb global_colors_info=\u00a0\u00bb{}\u00a0\u00bb]<\/p>\n<p>Cette chasse pose non seulement de graves probl\u00e8mes \u00e9thiques mais elle soul\u00e8ve \u00e9galement de vives inqui\u00e9tudes en mati\u00e8re de sant\u00e9 publique en raison de la toxicit\u00e9 de la viande de globic\u00e9phale.<\/p>\n<p>En Atlantique Nord, le globic\u00e9phale noir se situe en haut de la cha\u00eene alimentaire et stocke ainsi de nombreux polluants et m\u00e9taux lourds dans son organisme.<\/p>\n<p>En 2010, avec son documentaire\u00a0<span style=\"text-decoration: underline;\"><i>F\u00e9ro\u00e9 l\u02bcarchipel bless\u00e9<\/i><\/span>, l&rsquo;ethno-c\u00e9tologue, r\u00e9alisateur, photographe et \u00e9crivain Fran\u00e7ois-Xavier Pelletier met au jour des charniers sous-marins, prouvant de fait que la viande de globic\u00e9phale n&rsquo;est quasiment pas consomm\u00e9e.<\/p>\n<p>Les F\u00e9ro\u00efens qui d\u00e9fendent cette chasse le font pour raison culturelle et traditionnelle.<\/p>\n<p>[\/et_pb_text][\/et_pb_column][\/et_pb_row][\/et_pb_section][et_pb_section fb_built=\u00a0\u00bb1&Prime; _builder_version=\u00a0\u00bb4.16&Prime; _module_preset=\u00a0\u00bbdefault\u00a0\u00bb use_background_color_gradient=\u00a0\u00bbon\u00a0\u00bb background_color_gradient_stops=\u00a0\u00bbrgba(81,81,81,0.65) 0%|rgba(81,81,81,0.65) 100%\u00a0\u00bb background_color_gradient_overlays_image=\u00a0\u00bbon\u00a0\u00bb background_color_gradient_start=\u00a0\u00bbrgba(81,81,81,0.65)\u00a0\u00bb background_color_gradient_end=\u00a0\u00bbrgba(81,81,81,0.65)\u00a0\u00bb background_image=\u00a0\u00bbhttps:\/\/endthegrind.org\/wp-content\/uploads\/2022\/05\/globi082feroe-M.tiff\u00a0\u00bb height=\u00a0\u00bb852px\u00a0\u00bb height_tablet=\u00a0\u00bb925px\u00a0\u00bb height_phone=\u00a0\u00bb1200px\u00a0\u00bb height_last_edited=\u00a0\u00bbon|phone\u00a0\u00bb custom_margin=\u00a0\u00bb-102px|||||\u00a0\u00bb custom_padding=\u00a0\u00bb||0px|||\u00a0\u00bb global_colors_info=\u00a0\u00bb{}\u00a0\u00bb][et_pb_row _builder_version=\u00a0\u00bb4.16&Prime; _module_preset=\u00a0\u00bbdefault\u00a0\u00bb custom_margin=\u00a0\u00bb169px||||false|false\u00a0\u00bb custom_margin_tablet=\u00a0\u00bb169px||||false|false\u00a0\u00bb custom_margin_phone=\u00a0\u00bb169px||||false|false\u00a0\u00bb custom_margin_last_edited=\u00a0\u00bbon|desktop\u00a0\u00bb global_colors_info=\u00a0\u00bb{}\u00a0\u00bb][et_pb_column type=\u00a0\u00bb4_4&Prime; _builder_version=\u00a0\u00bb4.16&Prime; _module_preset=\u00a0\u00bbdefault\u00a0\u00bb global_colors_info=\u00a0\u00bb{}\u00a0\u00bb][et_pb_text _builder_version=\u00a0\u00bb4.16&Prime; _module_preset=\u00a0\u00bbdefault\u00a0\u00bb text_font=\u00a0\u00bbCourier Prime|||on|||||\u00a0\u00bb text_text_color=\u00a0\u00bb#FFFFFF\u00a0\u00bb text_font_size=\u00a0\u00bb25px\u00a0\u00bb text_letter_spacing=\u00a0\u00bb2px\u00a0\u00bb text_orientation=\u00a0\u00bbcenter\u00a0\u00bb custom_margin=\u00a0\u00bb-39px||||false|false\u00a0\u00bb global_colors_info=\u00a0\u00bb{}\u00a0\u00bb]<\/p>\n<p>Les \u00ceLES F\u00c9RO\u00c9<\/p>\n<p>[\/et_pb_text][et_pb_text _builder_version=\u00a0\u00bb4.16&Prime; _module_preset=\u00a0\u00bbdefault\u00a0\u00bb text_text_color=\u00a0\u00bb#FFFFFF\u00a0\u00bb global_colors_info=\u00a0\u00bb{}\u00a0\u00bb]<\/p>\n<p><span style=\"color: #ffffff;\">Cet archipel autonome est sous protectorat danois. Les globic\u00e9phales sont class\u00e9s esp\u00e8ces \u00ab\u00a0strictement prot\u00e9g\u00e9es\u00a0\u00bb par la Convention relative \u00e0 la conservation de la vie sauvage et du milieu naturel de l&rsquo;Europe (<a href=\"http:\/\/conventions.coe.int\/Treaty\/Commun\/QueVoulezVous.asp?NT=104&amp;CM=8&amp;DF=&amp;CL=FRE\" style=\"color: #ffffff;\">Convention de Berne<\/a>), parce qu&rsquo;elles sont sur la liste des esp\u00e8ces menac\u00e9es de la Convention sur le commerce international des esp\u00e8ces de faune et de flore sauvages menac\u00e9es d&rsquo;extinction (<a href=\"http:\/\/www.cites.org\/fra\" style=\"color: #ffffff;\">CITES<\/a>).<\/span><\/p>\n<p><span style=\"color: #ffffff;\">Par cons\u00e9quent, en laissant le massacre se poursuivre aux \u00celes F\u00e9ro\u00e9, le <a href=\"https:\/\/www.notre-planete.info\/actualites\/3600-massacre-dauphins-Grind-iles-feroe-Danemark\" style=\"color: #ffffff;\">Danemark manque \u00e0 ses engagements<\/a> de signataire de la Convention de Berne.<\/span><\/p>\n<p>[\/et_pb_text][\/et_pb_column][\/et_pb_row][\/et_pb_section][et_pb_section fb_built=\u00a0\u00bb1&Prime; _builder_version=\u00a0\u00bb4.16&Prime; _module_preset=\u00a0\u00bbdefault\u00a0\u00bb background_color=\u00a0\u00bb#ba1818&Prime; global_colors_info=\u00a0\u00bb{}\u00a0\u00bb][et_pb_row _builder_version=\u00a0\u00bb4.16&Prime; _module_preset=\u00a0\u00bbdefault\u00a0\u00bb global_colors_info=\u00a0\u00bb{}\u00a0\u00bb][et_pb_column type=\u00a0\u00bb4_4&Prime; _builder_version=\u00a0\u00bb4.16&Prime; _module_preset=\u00a0\u00bbdefault\u00a0\u00bb global_colors_info=\u00a0\u00bb{}\u00a0\u00bb][et_pb_text _builder_version=\u00a0\u00bb4.16&Prime; _module_preset=\u00a0\u00bbdefault\u00a0\u00bb global_colors_info=\u00a0\u00bb{}\u00a0\u00bb]<\/p>\n<p><iframe title=\"Iles F\u00e9ro\u00e9,le cimeti\u00e8re de la honte - Faroe Islands, the cemetery of the shame\" width=\"1080\" height=\"608\" src=\"https:\/\/www.youtube.com\/embed\/duuUQNm0hVQ?feature=oembed\"  allow=\"accelerometer; autoplay; clipboard-write; encrypted-media; gyroscope; picture-in-picture\" allowfullscreen><\/iframe><\/p>\n<p>[\/et_pb_text][\/et_pb_column][\/et_pb_row][\/et_pb_section][et_pb_section fb_built=\u00a0\u00bb1&Prime; _builder_version=\u00a0\u00bb4.18.0&Prime; _module_preset=\u00a0\u00bbdefault\u00a0\u00bb background_color=\u00a0\u00bb#FFFFFF\u00a0\u00bb global_colors_info=\u00a0\u00bb{}\u00a0\u00bb][et_pb_row column_structure=\u00a0\u00bb1_2,1_2&Prime; _builder_version=\u00a0\u00bb4.18.0&Prime; _module_preset=\u00a0\u00bbdefault\u00a0\u00bb global_colors_info=\u00a0\u00bb{}\u00a0\u00bb][et_pb_column type=\u00a0\u00bb1_2&Prime; _builder_version=\u00a0\u00bb4.18.0&Prime; _module_preset=\u00a0\u00bbdefault\u00a0\u00bb global_colors_info=\u00a0\u00bb{}\u00a0\u00bb][et_pb_image src=\u00a0\u00bbhttps:\/\/endthegrind.org\/wp-content\/uploads\/2022\/10\/290546533_430691958728924_5231839858961990742_n-e1666517015968.jpg\u00a0\u00bb title_text=\u00a0\u00bb290546533_430691958728924_5231839858961990742_n\u00a0\u00bb _builder_version=\u00a0\u00bb4.18.0&Prime; _module_preset=\u00a0\u00bbdefault\u00a0\u00bb width=\u00a0\u00bb100%\u00a0\u00bb module_alignment=\u00a0\u00bbright\u00a0\u00bb global_colors_info=\u00a0\u00bb{}\u00a0\u00bb][\/et_pb_image][\/et_pb_column][et_pb_column type=\u00a0\u00bb1_2&Prime; _builder_version=\u00a0\u00bb4.18.0&Prime; _module_preset=\u00a0\u00bbdefault\u00a0\u00bb global_colors_info=\u00a0\u00bb{}\u00a0\u00bb][et_pb_text _builder_version=\u00a0\u00bb4.18.0&Prime; _module_preset=\u00a0\u00bbdefault\u00a0\u00bb custom_margin=\u00a0\u00bb176px||||false|false\u00a0\u00bb custom_margin_tablet=\u00a0\u00bb0px||||false|false\u00a0\u00bb custom_margin_phone=\u00a0\u00bb0px||||false|false\u00a0\u00bb custom_margin_last_edited=\u00a0\u00bbon|desktop\u00a0\u00bb global_colors_info=\u00a0\u00bb{}\u00a0\u00bb]<\/p>\n<p style=\"text-align: center;\">Fran\u00e7ois Xavier Pelletier a \u00e9t\u00e9 le premier \u00e0 parler de ce massacre sous marin et \u00e0 travailler avec la population locale. Un documentaire a d&rsquo;ailleurs \u00e9t\u00e9 r\u00e9alis\u00e9 \u00e0 ce sujet donc le synopsis est pr\u00e9sent ci-contre.<\/p>\n<p>[\/et_pb_text][\/et_pb_column][\/et_pb_row][\/et_pb_section]<\/p>\n","protected":false},"excerpt":{"rendered":"<p>D\u00e9finitionQu&rsquo;est-ce que le Grind?o- Relat\u00e9e pour la premi\u00e8re fois en 1584 mais apport\u00e9e par les Vikings d\u00e8s le 10\u00e8me si\u00e8cle, le Grind (ou Grindadrap) est la chasse aux petits c\u00e9tac\u00e9s pratiqu\u00e9e par les habitants des \u00eeles F\u00e9ro\u00e9. L\u2019esp\u00e8ce la plus cibl\u00e9e par cette chasse est celle du globic\u00e9phale noir (Globicephala melas, aussi appel\u00e9s baleine-pilote).\u00a0 Lorsqu&rsquo;un [&hellip;]<\/p>\n","protected":false},"author":1,"featured_media":0,"parent":0,"menu_order":0,"comment_status":"closed","ping_status":"closed","template":"","meta":{"_et_pb_use_builder":"on","_et_pb_old_content":"<!-- wp:divi\/placeholder \/-->","_et_gb_content_width":"","footnotes":""},"class_list":["post-428","page","type-page","status-publish","hentry"],"_links":{"self":[{"href":"https:\/\/endthegrind.org\/en\/wp-json\/wp\/v2\/pages\/428","targetHints":{"allow":["GET"]}}],"collection":[{"href":"https:\/\/endthegrind.org\/en\/wp-json\/wp\/v2\/pages"}],"about":[{"href":"https:\/\/endthegrind.org\/en\/wp-json\/wp\/v2\/types\/page"}],"author":[{"embeddable":true,"href":"https:\/\/endthegrind.org\/en\/wp-json\/wp\/v2\/users\/1"}],"replies":[{"embeddable":true,"href":"https:\/\/endthegrind.org\/en\/wp-json\/wp\/v2\/comments?post=428"}],"version-history":[{"count":34,"href":"https:\/\/endthegrind.org\/en\/wp-json\/wp\/v2\/pages\/428\/revisions"}],"predecessor-version":[{"id":69683,"href":"https:\/\/endthegrind.org\/en\/wp-json\/wp\/v2\/pages\/428\/revisions\/69683"}],"wp:attachment":[{"href":"https:\/\/endthegrind.org\/en\/wp-json\/wp\/v2\/media?parent=428"}],"curies":[{"name":"wp","href":"https:\/\/api.w.org\/{rel}","templated":true}]}}