{"id":430,"date":"2022-01-26T15:51:07","date_gmt":"2022-01-26T14:51:07","guid":{"rendered":"https:\/\/endthegrind.org\/?page_id=430"},"modified":"2022-08-14T18:01:23","modified_gmt":"2022-08-14T16:01:23","slug":"pourquoi-une-journee-internationale","status":"publish","type":"page","link":"https:\/\/endthegrind.org\/en\/pourquoi-une-journee-internationale\/","title":{"rendered":"WHY AN INTERNATIONAL DAY?"},"content":{"rendered":"<p>[et_pb_section fb_built=\u00a0\u00bb1&Prime; custom_padding_last_edited=\u00a0\u00bboff|tablet\u00a0\u00bb admin_label=\u00a0\u00bbHeader\u00a0\u00bb _builder_version=\u00a0\u00bb4.16&Prime; use_background_color_gradient=\u00a0\u00bbon\u00a0\u00bb background_color_gradient_direction=\u00a0\u00bb90deg\u00a0\u00bb background_color_gradient_stops=\u00a0\u00bbrgba(0,0,0,0.95) 0%|rgba(0,0,0,0) 100%\u00a0\u00bb background_color_gradient_overlays_image=\u00a0\u00bbon\u00a0\u00bb background_color_gradient_start=\u00a0\u00bbrgba(0,0,0,0.95)\u00a0\u00bb background_color_gradient_end=\u00a0\u00bbrgba(0,0,0,0)\u00a0\u00bb background_image=\u00a0\u00bbhttps:\/\/endthegrind.org\/wp-content\/uploads\/2022\/05\/ldooaf4c-w.jpg\u00a0\u00bb height=\u00a0\u00bb425px\u00a0\u00bb custom_margin=\u00a0\u00bb||-3px|||\u00a0\u00bb custom_padding=\u00a0\u00bb0px||37vw||false|false\u00a0\u00bb custom_padding_tablet=\u00a0\u00bb0px||12vw||false|false\u00a0\u00bb custom_padding_phone=\u00a0\u00bb0px||20vw||false|false\u00a0\u00bb locked=\u00a0\u00bboff\u00a0\u00bb global_colors_info=\u00a0\u00bb{}\u00a0\u00bb][et_pb_row custom_padding_last_edited=\u00a0\u00bbon|desktop\u00a0\u00bb _builder_version=\u00a0\u00bb4.16&Prime; max_width=\u00a0\u00bb1180px\u00a0\u00bb min_height=\u00a0\u00bb26px\u00a0\u00bb custom_margin=\u00a0\u00bb||||false|false\u00a0\u00bb custom_padding=\u00a0\u00bb|50px||50px|false|true\u00a0\u00bb custom_padding_tablet=\u00a0\u00bb12vw||||false|true\u00a0\u00bb custom_padding_phone=\u00a0\u00bb20vw||||false|false\u00a0\u00bb border_color_all=\u00a0\u00bb#e94558&Prime; border_width_left=\u00a0\u00bb2px\u00a0\u00bb global_colors_info=\u00a0\u00bb{}\u00a0\u00bb][et_pb_column type=\u00a0\u00bb4_4&Prime; _builder_version=\u00a0\u00bb4.16&Prime; global_colors_info=\u00a0\u00bb{}\u00a0\u00bb][et_pb_text _builder_version=\u00a0\u00bb4.18.0&Prime; _module_preset=\u00a0\u00bbdefault\u00a0\u00bb text_text_color=\u00a0\u00bb#FFFFFF\u00a0\u00bb text_font_size=\u00a0\u00bb50px\u00a0\u00bb text_line_height=\u00a0\u00bb1.1em\u00a0\u00bb custom_margin=\u00a0\u00bb260px||||false|false\u00a0\u00bb custom_margin_tablet=\u00a0\u00bb173px||||false|false\u00a0\u00bb custom_margin_phone=\u00a0\u00bb191px||||false|false\u00a0\u00bb custom_margin_last_edited=\u00a0\u00bbon|phone\u00a0\u00bb hover_enabled=\u00a0\u00bb0&Prime; text_font_size_tablet=\u00a0\u00bb37px\u00a0\u00bb text_font_size_phone=\u00a0\u00bb22px\u00a0\u00bb text_font_size_last_edited=\u00a0\u00bbon|phone\u00a0\u00bb text_line_height_tablet=\u00a0\u00bb1.1em\u00a0\u00bb text_line_height_phone=\u00a0\u00bb1.5em\u00a0\u00bb text_line_height_last_edited=\u00a0\u00bbon|phone\u00a0\u00bb global_colors_info=\u00a0\u00bb{}\u00a0\u00bb sticky_enabled=\u00a0\u00bb0&Prime;]<\/p>\n<p>Pourquoi une journ\u00e9e internationale?<\/p>\n<p>[\/et_pb_text][\/et_pb_column][\/et_pb_row][\/et_pb_section][et_pb_section fb_built=\u00a0\u00bb1&Prime; _builder_version=\u00a0\u00bb4.16&Prime; _module_preset=\u00a0\u00bbdefault\u00a0\u00bb background_color=\u00a0\u00bb#FFFFFF\u00a0\u00bb background_color_gradient_start=\u00a0\u00bbrgba(81,81,81,0.65)\u00a0\u00bb background_color_gradient_end=\u00a0\u00bbrgba(81,81,81,0.65)\u00a0\u00bb background_enable_image=\u00a0\u00bboff\u00a0\u00bb height=\u00a0\u00bb302px\u00a0\u00bb height_tablet=\u00a0\u00bb379px\u00a0\u00bb height_phone=\u00a0\u00bb602px\u00a0\u00bb height_last_edited=\u00a0\u00bbon|desktop\u00a0\u00bb custom_padding=\u00a0\u00bb59px||0px|||\u00a0\u00bb global_colors_info=\u00a0\u00bb{}\u00a0\u00bb][et_pb_row _builder_version=\u00a0\u00bb4.16&Prime; _module_preset=\u00a0\u00bbdefault\u00a0\u00bb global_colors_info=\u00a0\u00bb{}\u00a0\u00bb][et_pb_column type=\u00a0\u00bb4_4&Prime; _builder_version=\u00a0\u00bb4.16&Prime; _module_preset=\u00a0\u00bbdefault\u00a0\u00bb global_colors_info=\u00a0\u00bb{}\u00a0\u00bb][et_pb_text _builder_version=\u00a0\u00bb4.16&Prime; _module_preset=\u00a0\u00bbdefault\u00a0\u00bb text_text_color=\u00a0\u00bb#000000&Prime; global_colors_info=\u00a0\u00bb{}\u00a0\u00bb]<\/p>\n<p>L\u2019objectif est de renforcer la lutte contre la pratique du Grind en unifiant les individus du monde\u00a0entier autour de l\u2019objectif commun de sauver des centaines de petits c\u00e9tac\u00e9s. Nous sommes\u00a0convaincus que si les militants du monde entier parlent d\u2019une seule voix, au m\u00eame moment,\u00a0nous pouvons envoyer un message clair aux autorit\u00e9s f\u00e9ro\u00efennes\u00a0: les peuples du monde sont\u00a0unis dans le respect de la vie marine et souhaitent que ces massacres cessent et que cette\u00a0tradition \u00e9volue.<br \/>\u00c0 l\u2019heure o\u00f9 le bien-\u00eatre animal prend de plus en plus de place dans nos soci\u00e9t\u00e9s modernes et\u00a0o\u00f9 nous r\u00e9alisons \u00e0 quel point l\u2019oc\u00e9an et sa biodiversit\u00e9 sont essentiels \u00e0 l\u2019\u00e9quilibre de notre\u00a0plan\u00e8te, il devient urgent de cesser ces massacres inutiles \u00e0 notre survie, voire m\u00eame contre-\u00a0productifs.<\/p>\n<p>[\/et_pb_text][\/et_pb_column][\/et_pb_row][\/et_pb_section][et_pb_section fb_built=\u00a0\u00bb1&Prime; _builder_version=\u00a0\u00bb4.16&Prime; _module_preset=\u00a0\u00bbdefault\u00a0\u00bb background_enable_color=\u00a0\u00bboff\u00a0\u00bb use_background_color_gradient=\u00a0\u00bbon\u00a0\u00bb background_color_gradient_stops=\u00a0\u00bbrgba(81,81,81,0.73) 0%|rgba(81,81,81,0.74) 100%\u00a0\u00bb background_color_gradient_overlays_image=\u00a0\u00bbon\u00a0\u00bb background_color_gradient_start=\u00a0\u00bbrgba(81,81,81,0.73)\u00a0\u00bb background_color_gradient_end=\u00a0\u00bbrgba(81,81,81,0.74)\u00a0\u00bb background_image=\u00a0\u00bbhttps:\/\/endthegrind.org\/wp-content\/uploads\/2022\/05\/globi082feroe-M.tiff\u00a0\u00bb height=\u00a0\u00bb529px\u00a0\u00bb height_tablet=\u00a0\u00bb925px\u00a0\u00bb height_phone=\u00a0\u00bb1154px\u00a0\u00bb height_last_edited=\u00a0\u00bbon|phone\u00a0\u00bb custom_padding=\u00a0\u00bb59px||0px|||\u00a0\u00bb global_colors_info=\u00a0\u00bb{}\u00a0\u00bb][et_pb_row _builder_version=\u00a0\u00bb4.16&Prime; _module_preset=\u00a0\u00bbdefault\u00a0\u00bb custom_margin_tablet=\u00a0\u00bb129px||||false|false\u00a0\u00bb custom_margin_phone=\u00a0\u00bb129px||||false|false\u00a0\u00bb custom_margin_last_edited=\u00a0\u00bbon|tablet\u00a0\u00bb global_colors_info=\u00a0\u00bb{}\u00a0\u00bb][et_pb_column type=\u00a0\u00bb4_4&Prime; _builder_version=\u00a0\u00bb4.16&Prime; _module_preset=\u00a0\u00bbdefault\u00a0\u00bb global_colors_info=\u00a0\u00bb{}\u00a0\u00bb][et_pb_text _builder_version=\u00a0\u00bb4.16&Prime; _module_preset=\u00a0\u00bbdefault\u00a0\u00bb text_font=\u00a0\u00bbCourier Prime|||on|||||\u00a0\u00bb text_text_color=\u00a0\u00bb#FFFFFF\u00a0\u00bb text_font_size=\u00a0\u00bb25px\u00a0\u00bb text_letter_spacing=\u00a0\u00bb2px\u00a0\u00bb text_orientation=\u00a0\u00bbcenter\u00a0\u00bb custom_margin=\u00a0\u00bb||||false|false\u00a0\u00bb custom_margin_tablet=\u00a0\u00bb||||false|false\u00a0\u00bb custom_margin_phone=\u00a0\u00bb||||false|false\u00a0\u00bb custom_margin_last_edited=\u00a0\u00bbon|desktop\u00a0\u00bb global_colors_info=\u00a0\u00bb{}\u00a0\u00bb]<\/p>\n<p>promouvoir des alternatives<\/p>\n<p>[\/et_pb_text][et_pb_text _builder_version=\u00a0\u00bb4.16&Prime; _module_preset=\u00a0\u00bbdefault\u00a0\u00bb text_text_color=\u00a0\u00bb#FFFFFF\u00a0\u00bb global_colors_info=\u00a0\u00bb{}\u00a0\u00bb]<\/p>\n<p>En 1984, les A\u00e7ores interdisaient la chasse \u00e0 la baleine, alors que pendant longtemps, la chasse \u00e0 la baleine a constitu\u00e9 une s\u00e9rieuse source de revenus pour ses habitants.<\/p>\n<p>Depuis, l\u2019archipel a mis\u00e9 davantage sur les activit\u00e9s d\u2019observation des c\u00e9tac\u00e9s et sur la recherche scientifique.<span class=\"Apple-converted-space\">\u00a0<\/span><\/p>\n<p>En f\u00e9vrier 2022, l\u2019Islande annon\u00e7ait son intention de cesser la chasse \u00e0 la baleine d\u2019ici 2024 afin de promouvoir les activit\u00e9s de whale watching.<\/p>\n<p>En 2015, le N\u00e9pal a mis fin au plus grand massacre traditionnel d\u2019animaux (cochons, vaches, ch\u00e8vres, pigeons\u2026) au monde, faisant ainsi \u00e9voluer une tradition vieille de 300 ans au nom du bien-\u00eatre animal.<span class=\"Apple-converted-space\">\u00a0<\/span><\/p>\n<p>Nous croyons sinc\u00e8rement que les \u00celes F\u00e9ro\u00e9 peuvent suivre cette voie. Le progr\u00e8s passe ainsi par l\u2019abolition des traditions les plus barbares.<span class=\"Apple-converted-space\">\u00a0<\/span><\/p>\n<p>[\/et_pb_text][et_pb_button button_url=\u00a0\u00bbhttp:\/\/endthegrind.org\/comment-participer\u00a0\u00bb button_text=\u00a0\u00bbEn savoir plus\u00a0\u00bb button_alignment=\u00a0\u00bbcenter\u00a0\u00bb _builder_version=\u00a0\u00bb4.16&Prime; _module_preset=\u00a0\u00bbdefault\u00a0\u00bb custom_button=\u00a0\u00bbon\u00a0\u00bb button_text_size=\u00a0\u00bb17px\u00a0\u00bb button_text_color=\u00a0\u00bb#ffffff\u00a0\u00bb button_bg_color=\u00a0\u00bb#ba1818&Prime; button_border_color=\u00a0\u00bb#ba1818&Prime; button_icon=\u00a0\u00bb&#x39;||divi||400&Prime; box_shadow_style=\u00a0\u00bbpreset4&Prime; box_shadow_horizontal=\u00a0\u00bb5px\u00a0\u00bb box_shadow_vertical=\u00a0\u00bb5px\u00a0\u00bb box_shadow_color=\u00a0\u00bb#000000&Prime; global_colors_info=\u00a0\u00bb{}\u00a0\u00bb][\/et_pb_button][\/et_pb_column][\/et_pb_row][\/et_pb_section]<\/p>\n","protected":false},"excerpt":{"rendered":"<p>Pourquoi une journ\u00e9e internationale?L\u2019objectif est de renforcer la lutte contre la pratique du Grind en unifiant les individus du monde\u00a0entier autour de l\u2019objectif commun de sauver des centaines de petits c\u00e9tac\u00e9s. Nous sommes\u00a0convaincus que si les militants du monde entier parlent d\u2019une seule voix, au m\u00eame moment,\u00a0nous pouvons envoyer un message clair aux autorit\u00e9s f\u00e9ro\u00efennes\u00a0: [&hellip;]<\/p>\n","protected":false},"author":1,"featured_media":0,"parent":0,"menu_order":0,"comment_status":"closed","ping_status":"closed","template":"","meta":{"_et_pb_use_builder":"on","_et_pb_old_content":"<!-- wp:divi\/placeholder \/-->","_et_gb_content_width":"","footnotes":""},"class_list":["post-430","page","type-page","status-publish","hentry"],"_links":{"self":[{"href":"https:\/\/endthegrind.org\/en\/wp-json\/wp\/v2\/pages\/430","targetHints":{"allow":["GET"]}}],"collection":[{"href":"https:\/\/endthegrind.org\/en\/wp-json\/wp\/v2\/pages"}],"about":[{"href":"https:\/\/endthegrind.org\/en\/wp-json\/wp\/v2\/types\/page"}],"author":[{"embeddable":true,"href":"https:\/\/endthegrind.org\/en\/wp-json\/wp\/v2\/users\/1"}],"replies":[{"embeddable":true,"href":"https:\/\/endthegrind.org\/en\/wp-json\/wp\/v2\/comments?post=430"}],"version-history":[{"count":12,"href":"https:\/\/endthegrind.org\/en\/wp-json\/wp\/v2\/pages\/430\/revisions"}],"predecessor-version":[{"id":14403,"href":"https:\/\/endthegrind.org\/en\/wp-json\/wp\/v2\/pages\/430\/revisions\/14403"}],"wp:attachment":[{"href":"https:\/\/endthegrind.org\/en\/wp-json\/wp\/v2\/media?parent=430"}],"curies":[{"name":"wp","href":"https:\/\/api.w.org\/{rel}","templated":true}]}}