{"id":434,"date":"2022-01-26T15:51:26","date_gmt":"2022-01-26T14:51:26","guid":{"rendered":"https:\/\/endthegrind.org\/?page_id=434"},"modified":"2022-08-14T17:57:51","modified_gmt":"2022-08-14T15:57:51","slug":"a-propos","status":"publish","type":"page","link":"https:\/\/endthegrind.org\/en\/a-propos\/","title":{"rendered":"ABOUT"},"content":{"rendered":"<p>[et_pb_section fb_built=\u00a0\u00bb1&Prime; custom_padding_last_edited=\u00a0\u00bboff|tablet\u00a0\u00bb admin_label=\u00a0\u00bbHeader\u00a0\u00bb _builder_version=\u00a0\u00bb4.16&Prime; use_background_color_gradient=\u00a0\u00bbon\u00a0\u00bb background_color_gradient_direction=\u00a0\u00bb90deg\u00a0\u00bb background_color_gradient_stops=\u00a0\u00bbrgba(0,0,0,0.95) 0%|rgba(0,0,0,0) 100%\u00a0\u00bb background_color_gradient_overlays_image=\u00a0\u00bbon\u00a0\u00bb background_color_gradient_start=\u00a0\u00bbrgba(0,0,0,0.95)\u00a0\u00bb background_color_gradient_end=\u00a0\u00bbrgba(0,0,0,0)\u00a0\u00bb background_image=\u00a0\u00bbhttps:\/\/endthegrind.org\/wp-content\/uploads\/2022\/05\/ldooaf4c-w.jpg\u00a0\u00bb height=\u00a0\u00bb425px\u00a0\u00bb custom_margin=\u00a0\u00bb||-3px|||\u00a0\u00bb custom_padding=\u00a0\u00bb0px||37vw||false|false\u00a0\u00bb custom_padding_tablet=\u00a0\u00bb0px||12vw||false|false\u00a0\u00bb custom_padding_phone=\u00a0\u00bb0px||20vw||false|false\u00a0\u00bb locked=\u00a0\u00bboff\u00a0\u00bb global_colors_info=\u00a0\u00bb{}\u00a0\u00bb][et_pb_row custom_padding_last_edited=\u00a0\u00bbon|desktop\u00a0\u00bb _builder_version=\u00a0\u00bb4.16&Prime; max_width=\u00a0\u00bb1180px\u00a0\u00bb min_height=\u00a0\u00bb26px\u00a0\u00bb custom_margin=\u00a0\u00bb||||false|false\u00a0\u00bb custom_padding=\u00a0\u00bb|50px||50px|false|true\u00a0\u00bb custom_padding_tablet=\u00a0\u00bb12vw||||false|true\u00a0\u00bb custom_padding_phone=\u00a0\u00bb20vw||||false|false\u00a0\u00bb border_color_all=\u00a0\u00bb#e94558&Prime; border_width_left=\u00a0\u00bb2px\u00a0\u00bb global_colors_info=\u00a0\u00bb{}\u00a0\u00bb][et_pb_column type=\u00a0\u00bb4_4&Prime; _builder_version=\u00a0\u00bb4.16&Prime; global_colors_info=\u00a0\u00bb{}\u00a0\u00bb][et_pb_text _builder_version=\u00a0\u00bb4.16&Prime; _module_preset=\u00a0\u00bbdefault\u00a0\u00bb text_text_color=\u00a0\u00bb#FFFFFF\u00a0\u00bb text_font_size=\u00a0\u00bb59px\u00a0\u00bb text_line_height=\u00a0\u00bb1.1em\u00a0\u00bb custom_margin=\u00a0\u00bb260px||||false|false\u00a0\u00bb custom_margin_tablet=\u00a0\u00bb207px||||false|false\u00a0\u00bb custom_margin_phone=\u00a0\u00bb207px||||false|false\u00a0\u00bb custom_margin_last_edited=\u00a0\u00bbon|phone\u00a0\u00bb hover_enabled=\u00a0\u00bb0&Prime; text_font_size_tablet=\u00a0\u00bb50px\u00a0\u00bb text_font_size_phone=\u00a0\u00bb31px\u00a0\u00bb text_font_size_last_edited=\u00a0\u00bbon|phone\u00a0\u00bb global_colors_info=\u00a0\u00bb{}\u00a0\u00bb sticky_enabled=\u00a0\u00bb0&Prime;]<\/p>\n<p>Qui sommes nous?<\/p>\n<p>[\/et_pb_text][\/et_pb_column][\/et_pb_row][\/et_pb_section][et_pb_section fb_built=\u00a0\u00bb1&Prime; _builder_version=\u00a0\u00bb4.16&Prime; _module_preset=\u00a0\u00bbdefault\u00a0\u00bb background_color=\u00a0\u00bb#FFFFFF\u00a0\u00bb background_color_gradient_start=\u00a0\u00bbrgba(81,81,81,0.65)\u00a0\u00bb background_color_gradient_end=\u00a0\u00bbrgba(81,81,81,0.65)\u00a0\u00bb background_enable_image=\u00a0\u00bboff\u00a0\u00bb height=\u00a0\u00bb434px\u00a0\u00bb height_tablet=\u00a0\u00bb434px\u00a0\u00bb height_phone=\u00a0\u00bb697px\u00a0\u00bb height_last_edited=\u00a0\u00bbon|tablet\u00a0\u00bb custom_padding=\u00a0\u00bb59px||0px|||\u00a0\u00bb global_colors_info=\u00a0\u00bb{}\u00a0\u00bb][et_pb_row _builder_version=\u00a0\u00bb4.16&Prime; _module_preset=\u00a0\u00bbdefault\u00a0\u00bb global_colors_info=\u00a0\u00bb{}\u00a0\u00bb][et_pb_column type=\u00a0\u00bb4_4&Prime; _builder_version=\u00a0\u00bb4.16&Prime; _module_preset=\u00a0\u00bbdefault\u00a0\u00bb global_colors_info=\u00a0\u00bb{}\u00a0\u00bb][et_pb_text _builder_version=\u00a0\u00bb4.16&Prime; _module_preset=\u00a0\u00bbdefault\u00a0\u00bb text_text_color=\u00a0\u00bb#000000&Prime; global_colors_info=\u00a0\u00bb{}\u00a0\u00bb]<\/p>\n<p>Cette journ\u00e9e est \u00e0 l\u2019initiative de l\u2019association fran\u00e7aise C\u2019est Assez ! qui milite depuis 2014 pour la fin de la captivit\u00e9 et des massacres de c\u00e9tac\u00e9s dans le monde. L\u2019association s\u2019est fait conna\u00eetre par ses actions de terrain et son travail de fond pour faire changer la l\u00e9gislation encadrant les delphinariums en France.<span class=\"Apple-converted-space\">\u00a0<\/span><\/p>\n<p>Gr\u00e2ce \u00e0 la mobilisation des b\u00e9n\u00e9voles et des militants, la captivit\u00e9 des c\u00e9tac\u00e9s en France sera abolie en 2027 (avec une exception pour la recherche scientifique).<\/p>\n<p>Association 100% b\u00e9n\u00e9vole, C\u2019est Assez ! est omnipr\u00e9sente sur les r\u00e9seaux sociaux afin de toujours plus sensibiliser le public sur les conditions de d\u00e9tention des c\u00e9tac\u00e9s captifs et sur les diff\u00e9rents dangers auxquels les c\u00e9tac\u00e9s libres font face dans leur milieu naturel.<\/p>\n<p>&nbsp;<\/p>\n<p><span style=\"color: #ba1818;\"><strong>Informer, sensibiliser, agir, telles sont les valeurs cl\u00e9s de l\u2019association C\u2019est Assez !<span class=\"Apple-converted-space\">\u00a0<\/span><\/strong><\/span><\/p>\n<p>[\/et_pb_text][\/et_pb_column][\/et_pb_row][\/et_pb_section]<\/p>\n","protected":false},"excerpt":{"rendered":"<p>Qui sommes nous?Cette journ\u00e9e est \u00e0 l\u2019initiative de l\u2019association fran\u00e7aise C\u2019est Assez ! qui milite depuis 2014 pour la fin de la captivit\u00e9 et des massacres de c\u00e9tac\u00e9s dans le monde. L\u2019association s\u2019est fait conna\u00eetre par ses actions de terrain et son travail de fond pour faire changer la l\u00e9gislation encadrant les delphinariums en France.\u00a0 [&hellip;]<\/p>\n","protected":false},"author":1,"featured_media":0,"parent":0,"menu_order":0,"comment_status":"closed","ping_status":"closed","template":"","meta":{"_et_pb_use_builder":"on","_et_pb_old_content":"<!-- wp:divi\/placeholder \/-->","_et_gb_content_width":"","footnotes":""},"class_list":["post-434","page","type-page","status-publish","hentry"],"_links":{"self":[{"href":"https:\/\/endthegrind.org\/en\/wp-json\/wp\/v2\/pages\/434","targetHints":{"allow":["GET"]}}],"collection":[{"href":"https:\/\/endthegrind.org\/en\/wp-json\/wp\/v2\/pages"}],"about":[{"href":"https:\/\/endthegrind.org\/en\/wp-json\/wp\/v2\/types\/page"}],"author":[{"embeddable":true,"href":"https:\/\/endthegrind.org\/en\/wp-json\/wp\/v2\/users\/1"}],"replies":[{"embeddable":true,"href":"https:\/\/endthegrind.org\/en\/wp-json\/wp\/v2\/comments?post=434"}],"version-history":[{"count":7,"href":"https:\/\/endthegrind.org\/en\/wp-json\/wp\/v2\/pages\/434\/revisions"}],"predecessor-version":[{"id":14394,"href":"https:\/\/endthegrind.org\/en\/wp-json\/wp\/v2\/pages\/434\/revisions\/14394"}],"wp:attachment":[{"href":"https:\/\/endthegrind.org\/en\/wp-json\/wp\/v2\/media?parent=434"}],"curies":[{"name":"wp","href":"https:\/\/api.w.org\/{rel}","templated":true}]}}