{"id":6613,"date":"2022-05-19T16:50:35","date_gmt":"2022-05-19T14:50:35","guid":{"rendered":"https:\/\/endthegrind.org\/?page_id=6613"},"modified":"2022-05-19T17:07:50","modified_gmt":"2022-05-19T15:07:50","slug":"mentions-legales","status":"publish","type":"page","link":"https:\/\/endthegrind.org\/en\/mentions-legales\/","title":{"rendered":"Mentions l\u00e9gales"},"content":{"rendered":"<p>[et_pb_section fb_built=\u00a0\u00bb1&Prime; custom_padding_last_edited=\u00a0\u00bboff|tablet\u00a0\u00bb admin_label=\u00a0\u00bbHeader\u00a0\u00bb _builder_version=\u00a0\u00bb4.15.1&Prime; use_background_color_gradient=\u00a0\u00bbon\u00a0\u00bb background_color_gradient_start=\u00a0\u00bbrgba(0,0,0,0.95)\u00a0\u00bb background_color_gradient_end=\u00a0\u00bbrgba(0,0,0,0)\u00a0\u00bb background_color_gradient_direction=\u00a0\u00bb90deg\u00a0\u00bb background_color_gradient_overlays_image=\u00a0\u00bbon\u00a0\u00bb background_image=\u00a0\u00bbhttps:\/\/endthegrind.org\/wp-content\/uploads\/2022\/05\/ldooaf4c-w.jpg\u00a0\u00bb height=\u00a0\u00bb425px\u00a0\u00bb custom_margin=\u00a0\u00bb||-3px|||\u00a0\u00bb custom_padding=\u00a0\u00bb0px||37vw||false|false\u00a0\u00bb custom_padding_tablet=\u00a0\u00bb0px||12vw||false|false\u00a0\u00bb custom_padding_phone=\u00a0\u00bb0px||20vw||false|false\u00a0\u00bb locked=\u00a0\u00bboff\u00a0\u00bb global_colors_info=\u00a0\u00bb{}\u00a0\u00bb][et_pb_row custom_padding_last_edited=\u00a0\u00bbon|desktop\u00a0\u00bb _builder_version=\u00a0\u00bb4.15&Prime; max_width=\u00a0\u00bb1180px\u00a0\u00bb min_height=\u00a0\u00bb26px\u00a0\u00bb custom_margin=\u00a0\u00bb||||false|false\u00a0\u00bb custom_padding=\u00a0\u00bb|50px||50px|false|true\u00a0\u00bb custom_padding_tablet=\u00a0\u00bb12vw||||false|true\u00a0\u00bb custom_padding_phone=\u00a0\u00bb20vw||||false|false\u00a0\u00bb border_color_all=\u00a0\u00bb#e94558&Prime; border_width_left=\u00a0\u00bb2px\u00a0\u00bb global_colors_info=\u00a0\u00bb{}\u00a0\u00bb][et_pb_column type=\u00a0\u00bb4_4&Prime; _builder_version=\u00a0\u00bb4.15&Prime; global_colors_info=\u00a0\u00bb{}\u00a0\u00bb][et_pb_text _builder_version=\u00a0\u00bb4.15.1&Prime; _module_preset=\u00a0\u00bbdefault\u00a0\u00bb text_text_color=\u00a0\u00bb#FFFFFF\u00a0\u00bb text_font_size=\u00a0\u00bb59px\u00a0\u00bb custom_margin=\u00a0\u00bb260px||||false|false\u00a0\u00bb custom_margin_tablet=\u00a0\u00bb207px||||false|false\u00a0\u00bb custom_margin_phone=\u00a0\u00bb207px||||false|false\u00a0\u00bb custom_margin_last_edited=\u00a0\u00bbon|phone\u00a0\u00bb text_font_size_tablet=\u00a0\u00bb51px\u00a0\u00bb text_font_size_phone=\u00a0\u00bb25px\u00a0\u00bb text_font_size_last_edited=\u00a0\u00bbon|desktop\u00a0\u00bb global_colors_info=\u00a0\u00bb{}\u00a0\u00bb]<\/p>\n<p>Mentions l\u00e9gales<\/p>\n<p>[\/et_pb_text][\/et_pb_column][\/et_pb_row][\/et_pb_section][et_pb_section fb_built=\u00a0\u00bb1&Prime; _builder_version=\u00a0\u00bb4.15.1&Prime; _module_preset=\u00a0\u00bbdefault\u00a0\u00bb global_colors_info=\u00a0\u00bb{}\u00a0\u00bb][et_pb_row _builder_version=\u00a0\u00bb4.15.1&Prime; _module_preset=\u00a0\u00bbdefault\u00a0\u00bb global_colors_info=\u00a0\u00bb{}\u00a0\u00bb][et_pb_column type=\u00a0\u00bb4_4&Prime; _builder_version=\u00a0\u00bb4.15.1&Prime; _module_preset=\u00a0\u00bbdefault\u00a0\u00bb global_colors_info=\u00a0\u00bb{}\u00a0\u00bb][et_pb_text _builder_version=\u00a0\u00bb4.15.1&Prime; _module_preset=\u00a0\u00bbdefault\u00a0\u00bb global_colors_info=\u00a0\u00bb{}\u00a0\u00bb]<\/p>\n<p><span>Conform\u00e9ment aux dispositions de l\u2019article 6 III-1 de la loi n\u00b02004-575 du 21 juin 2004 pour la confiance dans l\u2019\u00e9conomie num\u00e9rique, nous vous informons que le pr\u00e9sent site endthegrind.org (ci-apr\u00e8s \u00ab le Site \u00bb) pr\u00e9sente ces mentions l\u00e9gales<\/span><\/p>\n<p><span><\/span><\/p>\n<p><span><\/span><\/p>\n<p><strong>ARTICLE 1 : L&rsquo;\u00c9DITEUR<\/strong><\/p>\n<p><span>endthegrind.org est la propri\u00e9t\u00e9 exclusive de\u00a0:<\/span><\/p>\n<ul>\n<li><span>C&rsquo;est Assez!<\/span><\/li>\n<li><span>Association\u00a0de loi 1901 \u00e0 but non lucratif<\/span><\/li>\n<li>32 Rue Robert Schuman,\u00a021121 Fontaine-l\u00e8s-Dijon<\/li>\n<li><span style=\"font-size: 14px;\">contact@endthegrind.org<\/span><\/li>\n<\/ul>\n<p><span>Directeur de la Publication : C&rsquo;est Assez!<\/span><\/p>\n<p>Cr\u00e9dits photos : Fran\u00e7ois Xavier Pelletier<span><\/span><\/p>\n<p><span><\/span><\/p>\n<p><span><\/span><\/p>\n<p><strong>ARTICLE 2 : L&rsquo;H\u00c9BERGEUR<\/strong><span><\/span><\/p>\n<p><span>Le Site est h\u00e9berg\u00e9 par : Infomaniak Network SA \u2013 Rue Eug\u00e8ne-Marziano 25, 1227 Gen\u00e8ve \u2013 Suisse<\/span><span><\/span><span><\/span><\/p>\n<p>&nbsp;<\/p>\n<p><strong>ARTICLE 3 : ACC\u00c8S AU SITE<\/strong><span><\/span><\/p>\n<p>Le Site est accessible en tout endroit, 7j\/7, 24h\/24 sauf cas de force majeure, interruption programm\u00e9e ou non\u00a0et pouvant d\u00e9coulant d&rsquo;une n\u00e9cessit\u00e9 de maintenance.<br \/>En cas de modification, interruption ou suspension du Site, l&rsquo;Editeur ne saurait \u00eatre tenu responsable<\/p>\n<p>&nbsp;<\/p>\n<p><strong>ARTICLE 4 : COLLECTE DES DONNEES<\/strong><\/p>\n<p>Le site assure \u00e0 l&rsquo;Utilisateur une collecte et un traitement d&rsquo;informations personnelles dans le respect de la vie\u00a0priv\u00e9e conform\u00e9ment \u00e0 la loi n\u00b078-17 du 6 janvier 1978 relative \u00e0 l&rsquo;informatique, aux fichiers et aux libert\u00e9s.<\/p>\n<p>En vertu de la loi Informatique et Libert\u00e9s, en date du 6 janvier 1978, l&rsquo;Utilisateur dispose d&rsquo;un droit d&rsquo;acc\u00e8s, de\u00a0rectification, de suppression et d&rsquo;opposition de ses donn\u00e9es personnelles. L&rsquo;Utilisateur exerce ce droit.<\/p>\n<p>Toute utilisation, reproduction, diffusion, commercialisation, modification de toute ou partie du Site, sans\u00a0autorisation de l&rsquo;Editeur est prohib\u00e9e et pourra entra\u00een\u00e9e des actions et poursuites judiciaires telles que\u00a0notamment pr\u00e9vues par le Code de la propri\u00e9t\u00e9 intellectuelle et le Code civil.<\/p>\n<p><span><\/span><\/p>\n<p>[\/et_pb_text][\/et_pb_column][\/et_pb_row][\/et_pb_section]<\/p>\n","protected":false},"excerpt":{"rendered":"<p>Mentions l\u00e9galesConform\u00e9ment aux dispositions de l\u2019article 6 III-1 de la loi n\u00b02004-575 du 21 juin 2004 pour la confiance dans l\u2019\u00e9conomie num\u00e9rique, nous vous informons que le pr\u00e9sent site endthegrind.org (ci-apr\u00e8s \u00ab le Site \u00bb) pr\u00e9sente ces mentions l\u00e9gales ARTICLE 1 : L&rsquo;\u00c9DITEUR endthegrind.org est la propri\u00e9t\u00e9 exclusive de\u00a0: C&rsquo;est Assez! Association\u00a0de loi 1901 \u00e0 [&hellip;]<\/p>\n","protected":false},"author":1,"featured_media":0,"parent":0,"menu_order":0,"comment_status":"closed","ping_status":"closed","template":"","meta":{"_et_pb_use_builder":"on","_et_pb_old_content":"","_et_gb_content_width":"","footnotes":""},"class_list":["post-6613","page","type-page","status-publish","hentry"],"_links":{"self":[{"href":"https:\/\/endthegrind.org\/en\/wp-json\/wp\/v2\/pages\/6613","targetHints":{"allow":["GET"]}}],"collection":[{"href":"https:\/\/endthegrind.org\/en\/wp-json\/wp\/v2\/pages"}],"about":[{"href":"https:\/\/endthegrind.org\/en\/wp-json\/wp\/v2\/types\/page"}],"author":[{"embeddable":true,"href":"https:\/\/endthegrind.org\/en\/wp-json\/wp\/v2\/users\/1"}],"replies":[{"embeddable":true,"href":"https:\/\/endthegrind.org\/en\/wp-json\/wp\/v2\/comments?post=6613"}],"version-history":[{"count":3,"href":"https:\/\/endthegrind.org\/en\/wp-json\/wp\/v2\/pages\/6613\/revisions"}],"predecessor-version":[{"id":6623,"href":"https:\/\/endthegrind.org\/en\/wp-json\/wp\/v2\/pages\/6613\/revisions\/6623"}],"wp:attachment":[{"href":"https:\/\/endthegrind.org\/en\/wp-json\/wp\/v2\/media?parent=6613"}],"curies":[{"name":"wp","href":"https:\/\/api.w.org\/{rel}","templated":true}]}}